{"id":9191,"date":"2014-11-11T11:14:30","date_gmt":"2014-11-11T10:14:30","guid":{"rendered":"https:\/\/www.adriaticachiusure.com\/contacts\/"},"modified":"2022-03-21T14:38:55","modified_gmt":"2022-03-21T13:38:55","slug":"contacts","status":"publish","type":"page","link":"https:\/\/www.adriaticachiusure.com\/fr\/contacts\/","title":{"rendered":"Contacts"},"content":{"rendered":"<p>[vc_row css=\u00a0\u00bb.vc_custom_1418807519392{margin-top: 20px !important;}\u00a0\u00bb has_content=\u00a0\u00bbtrue\u00a0\u00bb][vc_column width=\u00a0\u00bb2\/3&Prime;]<h2 class='heading-content  divider-modern' ><span>REQUEST FOR INFORMATION<\/span><\/h2>[vc_empty_space height=\u00a0\u00bb15px\u00a0\u00bb][vc_column_text]\u00c9CRIVEZ-NOUS \u00c0 L&rsquo;AIDE DU FORMULAIRE OU APPELEZ-NOUS \u00c0 NOTRE NUM\u00c9RO SANS FRAIS[\/vc_column_text][vc_empty_space height=\u00a0\u00bb30px\u00a0\u00bb]<div role=\"form\" class=\"wpcf7\" id=\"wpcf7-f1244-o1\" lang=\"en-US\" dir=\"ltr\">\n<div class=\"screen-reader-response\"><p role=\"status\" aria-live=\"polite\" aria-atomic=\"true\"><\/p> <ul><\/ul><\/div>\n<form action=\"\/fr\/wp-json\/wp\/v2\/pages\/9191#wpcf7-f1244-o1\" method=\"post\" class=\"wpcf7-form init\" novalidate=\"novalidate\" data-status=\"init\">\n<div style=\"display: none;\">\n<input type=\"hidden\" name=\"_wpcf7\" value=\"1244\" \/>\n<input type=\"hidden\" name=\"_wpcf7_version\" value=\"5.4.1\" \/>\n<input type=\"hidden\" name=\"_wpcf7_locale\" value=\"en_US\" \/>\n<input type=\"hidden\" name=\"_wpcf7_unit_tag\" value=\"wpcf7-f1244-o1\" \/>\n<input type=\"hidden\" name=\"_wpcf7_container_post\" value=\"0\" \/>\n<input type=\"hidden\" name=\"_wpcf7_posted_data_hash\" value=\"\" \/>\n<\/div>\n<div class=\"col-sm-12 noleftpadding\">\n<p><span class=\"wpcf7-form-control-wrap your-subject\"><input type=\"text\" name=\"your-subject\" value=\"\" size=\"40\" class=\"wpcf7-form-control wpcf7-text\" aria-invalid=\"false\" placeholder=\"Subject*\" \/><\/span> <\/p>\n<\/div>\n<div class=\"col-sm-6 noleftpadding\">\n<p><span class=\"wpcf7-form-control-wrap your-name\"><input type=\"text\" name=\"your-name\" value=\"\" size=\"40\" class=\"wpcf7-form-control wpcf7-text wpcf7-validates-as-required\" aria-required=\"true\" aria-invalid=\"false\" placeholder=\"First name*\" \/><\/span> <\/p>\n<\/div>\n<div class=\"col-sm-6 noleftpadding\">\n<p><span class=\"wpcf7-form-control-wrap your-email\"><input type=\"email\" name=\"your-email\" value=\"\" size=\"40\" class=\"wpcf7-form-control wpcf7-text wpcf7-email wpcf7-validates-as-required wpcf7-validates-as-email\" aria-required=\"true\" aria-invalid=\"false\" placeholder=\"Email*\" \/><\/span> <\/p>\n<\/div>\n<div class=\"col-sm-12 noleftpadding\">\n<p><span class=\"wpcf7-form-control-wrap your-message\"><textarea name=\"your-message\" cols=\"25\" rows=\"3\" class=\"wpcf7-form-control wpcf7-textarea\" aria-invalid=\"false\" placeholder=\"Message*\"><\/textarea><\/span> <\/p>\n<p><span class=\"wpcf7-form-control-wrap acceptance-931\"><span class=\"wpcf7-form-control wpcf7-acceptance\"><span class=\"wpcf7-list-item\"><input type=\"checkbox\" name=\"acceptance-931\" value=\"1\" aria-invalid=\"false\" \/><\/span><\/span><\/span> I have read and accept the <a href=\"https:\/\/www.adriaticachiusure.com\/cookie-policy\" target=\"_blank\">Privacy Policy<\/a><\/p>\n<p><input type=\"submit\" value=\"SEND\" class=\"wpcf7-form-control wpcf7-submit\" \/><\/p>\n<p><br><br \/>\n<br>\n<\/div>\n<div class=\"wpcf7-response-output\" aria-hidden=\"true\"><\/div><\/form><\/div>[\/vc_column][vc_column width=\u00a0\u00bb1\/3&Prime;]<h3 class='heading-content  divider-modern' ><span>CALL US NOW!<\/span><\/h3>[vc_empty_space height=\u00a0\u00bb15px\u00a0\u00bb][vc_column_text]<span style=\"font-size: 20px; line-height: 18px;\"><i>Utilisez ce num\u00e9ro:<\/i><\/span><\/p>\n<p><a href=\"tel:+390733616879\"><img loading=\"lazy\" class=\"alignnone wp-image-6620 size-full\" src=\"https:\/\/www.adriaticachiusure.com\/wp-content\/uploads\/2021\/09\/AC_SW_Numeroverde_3.png\" alt=\"\" width=\"327\" height=\"84\" srcset=\"https:\/\/www.adriaticachiusure.com\/wp-content\/uploads\/2021\/09\/AC_SW_Numeroverde_3.png 327w, https:\/\/www.adriaticachiusure.com\/wp-content\/uploads\/2021\/09\/AC_SW_Numeroverde_3-300x77.png 300w\" sizes=\"(max-width: 327px) 100vw, 327px\" \/><\/a>[\/vc_column_text][vc_empty_space height=\u00a0\u00bb27px\u00a0\u00bb][vc_column_text]<\/p>\n<h4>Informations sur la soci\u00e9t\u00e9<\/h4>\n<p><span style=\"font-size: 16px;\"><b>T\u00c9L\u00c9PHONER<\/b>: +39 0733 616879<\/span><\/p>\n<p><span style=\"font-size: 16px;\"><b>T\u00c9L\u00c9PHONER<\/b>: +39 0733 616873<\/span><\/p>\n<p><span style=\"font-size: 16px;\"><b>FAX<\/b>: +39 0733 616049<\/span><\/p>\n<p><span style=\"font-size: 16px;\"><b>MAIL<\/b>: <a href=\"mailto:info@adriaticachiusure.it\">info@adriaticachiusure.it<\/a><\/span><\/p>\n<p><span style=\"font-size: 16px;\"><b>Suivez-nous sur<\/b>: <a href=\"https:\/\/www.facebook.com\/adriaticachiusuresocial\/\">Facebook<\/a>, <a href=\"https:\/\/www.instagram.com\/adriatica.chiusure\/\">Instagram<\/a>, <a href=\"https:\/\/www.linkedin.com\/company\/adriatica-chiusure\">Linkedin<\/a>, <a href=\"https:\/\/www.youtube.com\/channel\/UCVLvwNq946cFNxigszOXI4g\">YouTube<\/a><\/span><\/p>\n<p><span style=\"font-size: 16px;\"><br \/>\nZ.I. Cerrete Collicelli<br \/>\n62011 Cingoli (MC) ITALY<\/span>[\/vc_column_text][vc_empty_space height=\u00a0\u00bb27px\u00a0\u00bb][vc_empty_space height=\u00a0\u00bb15px\u00a0\u00bb][\/vc_column][\/vc_row][vc_row][vc_column width=\u00a0\u00bb1\/2&Prime;][vc_column_text]<span style=\"font-size: 16px; color: #ff8841;\"><b>Bureau des ventes et commercial<\/b><\/span><br \/>\n<b>Alessandro Ranaldi &#8211; Pamela Tittarelli &#8211; Paola Perin<br \/>\n<\/b><a href=\"mailto:commerciale@adriaticachiusure.it\">commerciale@adriaticachiusure.it<\/a><\/p>\n<p><span style=\"font-size: 16px; color: #ff8841;\"><b>Bureau d&rsquo;exportation<\/b><\/span><br \/>\n<b>Pamela Tittarelli<\/b><br \/>\n<a href=\"mailto:export@adriaticachiusure.it\">export@adriaticachiusure.it<\/a><\/p>\n<p><span style=\"font-size: 16px; color: #ff8841;\"><b>Administration<\/b><\/span><br \/>\n<b>Matteo Crescimbeni<\/b><br \/>\n<a href=\"mailto:amministrazione@adriaticachiusure.it\">amministrazione@adriaticachiusure.it<\/a><\/p>\n<p><span style=\"font-size: 16px; color: #ff8841;\"><b>Bureau des achats et de la logistique<\/b><\/span><br \/>\n<b>Alice Bruno &#8211; Sara Carletti<\/b><br \/>\n<a href=\"mailto:acquisti@adriaticachiusure.it\">acquisti@adriaticachiusure.it<\/a>[\/vc_column_text][\/vc_column][vc_column width=\u00a0\u00bb1\/2&Prime;][vc_column_text]<span style=\"font-size: 16px; color: #ff8841;\"><b>Bureau technique<\/b><\/span><br \/>\n<b>Francesco Massaccesi &#8211; Emanuele Paglia<\/b><br \/>\n<a href=\"mailto:tecnico@adriaticachiusure.it\">tecnico@adriaticachiusure.it<\/a><\/p>\n<p><span style=\"font-size: 16px; color: #ff8841;\"><b>Bureau des portes rapides<\/b><\/span><br \/>\n<b>Erasmo Olivieri<\/b><br \/>\n<a href=\"mailto:operation@adriaticachiusure.it\">operation@adriaticachiusure.it<\/a><\/p>\n<p><span style=\"font-size: 16px; color: #ff8841;\"><b>Bureau de commercialisation<\/b><\/span><br \/>\n<b>Daniele Orsi<\/b><br \/>\n<a href=\"mailto:marketing@adriaticachiusure.it\">marketing@adriaticachiusure.it<\/a>[\/vc_column_text][\/vc_column][\/vc_row][vc_row][vc_column][vc_empty_space height=\u00a0\u00bb60px\u00a0\u00bb][\/vc_column][\/vc_row]<\/p>\n","protected":false},"excerpt":{"rendered":"<p>[vc_row css=\u00a0\u00bb.vc_custom_1418807519392{margin-top: 20px !important;}\u00a0\u00bb has_content=\u00a0\u00bbtrue\u00a0\u00bb][vc_column width=\u00a0\u00bb2\/3&Prime;][vc_empty_space height=\u00a0\u00bb15px\u00a0\u00bb][vc_column_text]\u00c9CRIVEZ-NOUS \u00c0 L&rsquo;AIDE DU FORMULAIRE OU APPELEZ-NOUS \u00c0 NOTRE NUM\u00c9RO SANS FRAIS[\/vc_column_text][vc_empty_space height=\u00a0\u00bb30px\u00a0\u00bb][\/vc_column][vc_column width=\u00a0\u00bb1\/3&Prime;][vc_empty_space height=\u00a0\u00bb15px\u00a0\u00bb][vc_column_text]Utilisez ce num\u00e9ro: [\/vc_column_text][vc_empty_space height=\u00a0\u00bb27px\u00a0\u00bb][vc_column_text] Informations sur la soci\u00e9t\u00e9 T\u00c9L\u00c9PHONER: +39 0733 616879 T\u00c9L\u00c9PHONER: +39 0733 616873 FAX: +39 0733&#8230;<\/p>\n","protected":false},"author":1,"featured_media":0,"parent":0,"menu_order":0,"comment_status":"open","ping_status":"open","template":"","meta":[],"_links":{"self":[{"href":"https:\/\/www.adriaticachiusure.com\/fr\/wp-json\/wp\/v2\/pages\/9191"}],"collection":[{"href":"https:\/\/www.adriaticachiusure.com\/fr\/wp-json\/wp\/v2\/pages"}],"about":[{"href":"https:\/\/www.adriaticachiusure.com\/fr\/wp-json\/wp\/v2\/types\/page"}],"author":[{"embeddable":true,"href":"https:\/\/www.adriaticachiusure.com\/fr\/wp-json\/wp\/v2\/users\/1"}],"replies":[{"embeddable":true,"href":"https:\/\/www.adriaticachiusure.com\/fr\/wp-json\/wp\/v2\/comments?post=9191"}],"version-history":[{"count":4,"href":"https:\/\/www.adriaticachiusure.com\/fr\/wp-json\/wp\/v2\/pages\/9191\/revisions"}],"predecessor-version":[{"id":9339,"href":"https:\/\/www.adriaticachiusure.com\/fr\/wp-json\/wp\/v2\/pages\/9191\/revisions\/9339"}],"wp:attachment":[{"href":"https:\/\/www.adriaticachiusure.com\/fr\/wp-json\/wp\/v2\/media?parent=9191"}],"curies":[{"name":"wp","href":"https:\/\/api.w.org\/{rel}","templated":true}]}}